{"id":227,"date":"2018-11-10T18:47:23","date_gmt":"2018-11-10T17:47:23","guid":{"rendered":"http:\/\/webek2.fuw.edu.pl\/photon\/?page_id=227"},"modified":"2026-04-12T19:57:26","modified_gmt":"2026-04-12T17:57:26","slug":"our-publications","status":"publish","type":"page","link":"https:\/\/photon.fuw.edu.pl\/index.php\/our-publications\/","title":{"rendered":"Our publications"},"content":{"rendered":"<p><!-- LINE BELOW SHOULD READ \"\n\n\n<p id=\"publications\">\n\n\" ! --><\/p>\n<p id=\"publications\">\n<h4>Publications<\/h4>\n<p><strong><em>Quantum interference between spectral bandwidth mismatched photons<br \/>\n<\/em><\/strong>Jan Krzy\u017canowski, Jerzy Szuniewicz, Sanjay Kapoor, Filip So\u015bnicki, Micha\u0142 Karpi\u0144ski<br \/>\narXiv preprint <a href=\"https:\/\/arxiv.org\/abs\/2601.12129\">arXiv:2601.12129 (2026)<\/a>.<\/p>\n<p><strong><em>High-dimensional quantum photonics: roadmap<br \/>\n<\/em><\/strong>Mehul Malik, Micheal Kues, Takuya Ikuta, Hiroki Takesue, Daniele Bajoni, David J. Moss, Roberto Morandotti, Andrew Forbes, Stephen Walborn, Ebrahim Karimi, Yunhong Ding, Stefano Paesani, Caterina Vigliar, Benjamin Brecht, Christine Silberhorn, Fr\u00e9d\u00e9ric Bouchard, Micha\u0142 Karpi\u0144ski, Benjamin Sussman, Joseph M. Lukens, Yaron Bromberg, Robert Fickler, Taira Giordani, Fabio Sciarrino, Yun Zheng, Jianwei Wang, Marcus Huber, Armin Tavakoli, Roope Uola, Nicolas Brunner, Nicolai Friis, Natalia Herrera Valencia, Jacquiline Romero, Will McCutcheon<br \/>\narXiv preprint <a href=\"https:\/\/arxiv.org\/abs\/2604.06528\">arXiv:2604.06528 (2026)<\/a>.<\/p>\n<p><strong><em>Aberration-optimized electro-optic time lens model using a tunable aperture<br \/>\n<\/em><\/strong>Sanjay Kapoor, Filip So\u015bnicki, Micha\u0142 Karpi\u0144ski<br \/>\n<a href=\"https:\/\/doi.org\/10.1063\/5.0270904\">APL Photonics 10, 096111 (2025)<\/a>.<br \/>\nTheory from <a href=\"https:\/\/arxiv.org\/abs\/2207.07618\">arXiv:2207.07618<\/a> &amp; experimental verification.<\/p>\n<p><strong><em>High-dimensional quantum key distribution with resource-efficient detection<br \/>\n<\/em><\/strong>Maciej Ogrodnik, Adam Widomski, Dagmar Bru\u00df, Giovanni Chesi, Federico Grasselli, Hermann Kampermann, Chiara Macchiavello, Nathan Walk, Nikolai Wyderka, Micha\u0142 Karpi\u0144ski<br \/>\n<a href=\"https:\/\/doi.org\/10.1364\/OPTICAQ.560373\">Optica Quantum 3, 372\u2013380 (2025)<\/a>.<br \/>\nThanks to collaboration within the <a href=\"http:\/\/quiche.fuw.edu.pl\">QuantERA QuICHE<\/a> project!<br \/>\nCheck our press release: in <a href=\"https:\/\/www.fuw.edu.pl\/press-release\/news9672.html\">English<\/a> or <a href=\"https:\/\/www.fuw.edu.pl\/informacja-prasowa\/news9670.html\">Polish<\/a>, and a summary by <a href=\"https:\/\/www.optica-opn.org\/home\/newsroom\/2025\/october\/quantum_key_distribution_in_four_dimensions\/ \">Optics&#038;Photonics News<\/a>!<\/p>\n<p><strong><em>Electro-optic frequency shift of single photons from a quantum dot<br \/>\n<\/em><\/strong>Sanjay Kapoor, Aleksander Rodek, Micha\u0142 Miko\u0142ajczyk, Jerzy Szuniewicz, Filip So\u015bnicki, Tomasz Kazimierczuk, Piotr Kossacki, Micha\u0142 Karpi\u0144ski<br \/>\n<a href=\"https:\/\/doi.org\/10.1515\/nanoph-2024-0550\">Nanophotonics 14, 1775\u20131782 (2025)<\/a>.<br \/>\nThanks to a local collaboration with the <a href=\"https:\/\/lumnp.fuw.edu.pl\/?lang=en\">LUMS lab<\/a>!<\/p>\n<p><strong><em>Time-resolved second-order autocorrelation function of parametric downconversion<br \/>\n<\/em><\/strong>Dmitri B. Horoshko, Shivang Srivastava, Filip So\u015bnicki, Micha\u0142 Miko\u0142ajczyk, Micha\u0142 Karpi\u0144ski, Benjamin Brecht, Mikhail I. Kolobov<br \/>\n<a href=\"https:\/\/doi.org\/10.1103\/7ckm-tm3r\">Physical Review A 112, 023703 (2025)<\/a>.<br \/>\n<a href=\"https:\/\/arxiv.org\/abs\/2502.07691\">arXiv preprint arXiv:2502.07691 (2025)<\/a>.<br \/>\nCollaboration within the <a href=\"http:\/\/quiche.fuw.edu.pl\">QuantERA QuICHE<\/a> project!<\/p>\n<p><strong><em>Temporal cavities as temporal mode filters for optical information processing<br \/>\n<\/em><\/strong>Bakhao Dioum, Shivang Srivastava, Micha\u0142 Karpi\u0144ski, Giuseppe Patera<br \/>\n<a href=\"https:\/\/doi.org\/10.1103\/PhysRevA.111.033704\">Physical Review A 111, 033704 (2025)<\/a>.<br \/>\n<a href=\"https:\/\/arxiv.org\/abs\/2303.09155\">arXiv preprint arXiv:2303.09155 (2025)<\/a>.<br \/>\nCollaboration within the <a href=\"http:\/\/quiche.fuw.edu.pl\">QuantERA QuICHE<\/a> project!<\/p>\n<p><strong><em>Quantum key distribution with basis-dependent detection probability<br \/>\n<\/em><\/strong>Federico Grasselli, Giovanni Chesi, Nathan Walk, Hermann Kampermann, Adam Widomski, Maciej Ogrodnik, Micha\u0142 Karpi\u0144ski, Chiara Macchiavello, Dagmar Bru\u00df, Nikolai Wyderka<br \/>\n<a href=\"https:\/\/doi.org\/10.1103\/PhysRevApplied.23.044011\">Physical Review Applied 23, 044011 (2025)<\/a>.<br \/>\n<a href=\"https:\/\/arxiv.org\/abs\/2411.19874\">arXiv preprint arXiv:2411.19874 (2024)<\/a>.<br \/>\nThanks to collaboration within the <a href=\"http:\/\/quiche.fuw.edu.pl\">QuantERA QuICHE<\/a> project!<\/p>\n<p><strong><em>Efficient detection of multidimensional single-photon time-bin superpositions<br \/>\n<\/em><\/strong>Adam Widomski, Maciej Ogrodnik, Micha\u0142 Karpi\u0144ski<br \/>\n<a href=\"https:\/\/doi.org\/10.1364\/OPTICA.503095\">Optica 11, 926 (2024)<\/a>.<br \/>\n<a href=\"https:\/\/arxiv.org\/abs\/2308.05523\">arXiv preprint arXiv:2308.05523 (2024)<\/a>.<\/p>\n<p><strong><em>Interface between picosecond and nanosecond quantum light pulses<br \/>\n<\/em><\/strong>Filip So\u015bnicki, Micha\u0142 Miko\u0142ajczyk, Ali Golestani, Micha\u0142 Karpi\u0144ski<br \/>\n<a href=\"https:\/\/www.nature.com\/articles\/s41566-023-01214-z\">Nature Photonics 17, 761\u2013766 (2023)<\/a>.<br \/>\nYou can view the paper here (for personal non-commercial purposes): <a href=\"https:\/\/rdcu.be\/dcZPW\">https:\/\/rdcu.be\/dcZPW<\/a>.<br \/>\nA close-to-the-published-version preprint is available at: <a href=\"https:\/\/arxiv.org\/abs\/2211.05112\">https:\/\/arxiv.org\/abs\/2211.05112<\/a>.<br \/>\nCheck out a News&amp;Views summary of our work (by John Donohue) here: <a href=\"https:\/\/www.nature.com\/articles\/s41566-023-01277-y\">https:\/\/www.nature.com\/articles\/s41566-023-01277-y<\/a>.<\/p>\n<p><strong><em>Precise on-chip spectral and temporal control of single-photon-level optical pulses<br \/>\n<\/em><\/strong>Adam Widomski, Stanis\u0142aw Stopi\u0144ski, Krzysztof Anders, Ryszard Piramidowicz, Micha\u0142 Karpi\u0144ski<br \/>\n<a href=\"https:\/\/ieeexplore.ieee.org\/abstract\/document\/10130726\">Journal of Lightwave Technology 41, 6255\u20136262 (2023).<\/a>.<\/p>\n<p><strong><em>Electro-optic Fourier transform chronometry of pulsed quantum light<br \/>\n<\/em><\/strong>Ali Golestani, Alex O. C. Davis, Filip So\u015bnicki, Micha\u0142 Miko\u0142ajczyk, Nicolas Treps, Micha\u0142 Karpi\u0144ski<br \/>\n<a href=\"https:\/\/journals.aps.org\/prl\/abstract\/10.1103\/PhysRevLett.129.123605\"> Physical Review Letters 129, 123605 (2022)<\/a>.<br \/>\n<a href=\"https:\/\/arxiv.org\/abs\/2205.11554\">arXiv preprint arXiv:2205.11554 (2022)<\/a>.<br \/>\nTheory from Paris &amp; Bath, experiment from Warsaw!<\/p>\n<p><strong><em>Aberration-corrected time aperture of an electro-optic time lens<br \/>\n<\/em><\/strong>Sanjay Kapoor, Filip So\u015bnicki, Micha\u0142 Karpi\u0144ski<br \/>\n<a href=\"https:\/\/arxiv.org\/abs\/2207.07618\">arXiv preprint arXiv:2207.07618 (2022)<\/a>.<br \/>\nTheoretical model, published as a part of our <a href=\"https:\/\/doi.org\/10.1063\/5.0270904\"> APL Photonics paper<\/a> .<\/p>\n<p><strong><em>Control and measurement of quantum light pulses for quantum information science and technology<br \/>\n<\/em><\/strong>Micha\u0142 Karpi\u0144ski, Alex O. C. Davis, Filip So\u015bnicki, Val\u00e9rian Thiel, Brian J. Smith<br \/>\n<a href=\"https:\/\/doi.org\/10.1002\/qute.202000150\">Advanced Quantum Technologies 4, 2000150 (2021)<\/a>.<br \/>\nReview paper.<\/p>\n<p><strong><em>Actuator placement optimization for guided waves based structural health monitoring using \ufb01bre Bragg grating sensors<\/em><br \/>\n<\/strong>Rohan Soman, Kaleeswaran Balasubramaniam, Ali Golestani, Micha\u0142 Karpi\u0144ski, Pawe\u0142 M. Malinowski, Wies\u0142aw M. Ostachowicz<br \/>\n<a href=\"https:\/\/doi.org\/10.1088\/1361-665X\/ac31c4\">Smart Materials and Structures 30, 125011 (2021)<\/a>.<\/p>\n<p><strong><em>Aperiodic electro-optic time lens for spectral manipulation of single-photon pulses<br \/>\n<\/em><\/strong>Filip So\u015bnicki, Micha\u0142 Miko\u0142ajczyk, Ali Golestani, Micha\u0142 Karpi\u0144ski<br \/>\n<a href=\"https:\/\/doi.org\/10.1063\/5.0011077\">Applied Physics Letters 116, 234003 (2020)<\/a> (featured article).<br \/>\n<a href=\"https:\/\/arxiv.org\/abs\/2004.07195\"> arXiv preprint arXiv:2004.07195 (2020)<\/a>.<\/p>\n<p><strong><em>Pure single photons from scalable frequency multiplexing<\/em><br \/>\n<\/strong>T. Hiemstra, T. F. Parker, P. Humphreys, J. Tiedau, M. Beck, M. Karpi\u0144ski, B. J. Smith, A. Eckstein, W. S. Kolthammer, I. A. Walmsley<br \/>\n<a href=\"https:\/\/doi.org\/10.1103\/PhysRevApplied.14.014052\">Physical Review Applied 14, 014052 (2020)<\/a>.<br \/>\n<a href=\"https:\/\/arxiv.org\/abs\/1907.10355\"> arXiv preprint arXiv:1907.10355 (2019)<\/a>.<\/p>\n<p><strong><em>A two-step guided waves based damage localization technique using optical fiber sensors<\/em><br \/>\n<\/strong>Rohan Soman, Kaleeswaran Balasubramaniam, Ali Golestani, Micha\u0142 Karpi\u0144ski, Pawe\u0142 Malinowski<br \/>\n<a href=\"https:\/\/doi.org\/10.3390\/s20205804\">Sensors 20, 5804 (2020)<\/a>.<\/p>\n<p><strong><em>Shaking the phase of light<br \/>\n<\/em><\/strong>Micha\u0142 Karpi\u0144ski<br \/>\n<a href=\"https:\/\/www.nature.com\/articles\/s41566-019-0418-2\"> Nature Photonics 13, 306\u2013308 (2019)<\/a>.<br \/>\nNews&amp;Views on the recent work from <a href=\"https:\/\/www.eng.yale.edu\/tanglab\/\">the group of H. X. Tang @ Yale<\/a>.<\/p>\n<p><strong><em>Large-scale spectral bandwidth compression by complex electro-optic temporal phase modulation<br \/>\n<\/em><\/strong>Filip So\u015bnicki, Micha\u0142 Karpi\u0144ski<br \/>\n<a href=\"https:\/\/www.osapublishing.org\/oe\/abstract.cfm?uri=oe-26-24-31307\"> Optics Express 26, 31307\u201331316 (2018).<\/a><\/p>\n<p><em><strong>Measuring the single-photon temporal-spectral wave function<br \/>\n<\/strong><\/em>Alex O. C. Davis, Val\u00e9rian Thiel, Micha\u0142 Karpi\u0144ski, Brian J. Smith<br \/>\n<a href=\"https:\/\/journals.aps.org\/prl\/abstract\/10.1103\/PhysRevLett.121.083602\">Physical Review Letters 121, 083602 (2018)<\/a>.<br \/>\n<a href=\"https:\/\/arxiv.org\/abs\/1709.05248\">arXiv preprint arXiv:1709.05248 (2017)<\/a>.<\/p>\n<p><em><strong>Experimental single-photon pulse characterization by electro-optic shearing interferometry<br \/>\n<\/strong><\/em>Alex O. C. Davis, Val\u00e9rian Thiel, Micha\u0142 Karpi\u0144ski, Brian J. Smith<br \/>\n<a href=\"https:\/\/journals.aps.org\/pra\/abstract\/10.1103\/PhysRevA.98.023840\">Physial Review A. 98, 023840 (2018)<\/a>.<br \/>\n<a href=\"https:\/\/arxiv.org\/abs\/1802.07208\">arXiv preprint arXiv:1802.07208 (2018)<\/a>.<\/p>\n<p><em><strong>Engineering the spectral and temporal properties of a GHz-bandwidth heralded single-photon source interfaced with an on-demand, broadband quantum memory<br \/>\n<\/strong><\/em>Patrick S. Michelberger, Micha\u0142 Karpi\u0144ski, Ian A. Walmsley, Joshua Nunn<br \/>\n<a href=\"https:\/\/doi.org\/10.1080\/09500340.2018.1444801\">Journal of Modern Optics 65, 1668\u20131679 (2018)<\/a>.<\/p>\n<p><em><strong>Entanglement swapping for generation of heralded time-frequency-entangled photon pairs<br \/>\n<\/strong><\/em>Dashiell L. P. Vitullo, Michael G. Raymer, Brian J. Smith, Micha\u0142 Karpi\u0144ski, Lasse Mejling, Karsten Rottwitt<br \/>\n<a href=\"https:\/\/journals.aps.org\/pra\/abstract\/10.1103\/PhysRevA.98.023836\">Physical Review A 98, 026836 (2018)<\/a>.<br \/>\n<a href=\"https:\/\/arxiv.org\/abs\/1802.00110\">arXiv preprint arXiv:1802.00110 (2018)<\/a>.<\/p>\n<p><em><strong>Measurement of radio-frequency temporal phase modulation with chirped optical pulses<br \/>\n<\/strong><\/em>Micha\u0142 Jachura, Jan Szczepanek, Wojciech Wasilewski, Micha\u0142 Karpi\u0144ski<br \/>\n<a href=\"https:\/\/doi.org\/10.1080\/09500340.2017.1387676\">Journal of Modern Optics 65, 262\u2013267 (2018)<\/a>.<br \/>\n<a href=\"https:\/\/arxiv.org\/abs\/1706.09881\">arXiv preprint arXiv:1706.09881 (2017)<\/a>.<\/p>\n<p><em><strong>Bandwidth manipulation of quantum light by an electro-optic time lens<br \/>\n<\/strong><\/em>Micha\u0142 Karpi\u0144ski, Micha\u0142 Jachura (equal contribution), Laura J. Wright, Brian J. Smith<br \/>\n<a href=\"http:\/\/www.nature.com\/nphoton\/journal\/vaop\/ncurrent\/full\/nphoton.2016.228.html\">Nature Photonics 11, 53 (2017)<\/a>.<br \/>\n<a href=\"https:\/\/arxiv.org\/abs\/1604.02459\">arXiv preprint arXiv:1604.02459 (2016)<\/a>.<br \/>\nSee also our <a href=\"https:\/\/www.fuw.edu.pl\/press-release\/news4764.html\">press release<\/a>!<\/p>\n<p><em><strong>Pulsed single-photon spectrograph by frequency-to-time mapping using chirped fiber Bragg gratings<br \/>\n<\/strong><\/em>Alex O. C. Davis, Paul M. Saulnier, Micha\u0142 Karpi\u0144ski, Brian J. Smith<br \/>\n<a href=\"https:\/\/doi.org\/10.1364\/OE.25.012804\">Optics Express 25, 12804\u201312811 (2017)<\/a>.<br \/>\nSelected for <a href=\"https:\/\/www.osapublishing.org\/spotlight\/\">Spotlight on Optics<\/a>! Here&#8217;s a <a href=\"https:\/\/www.osapublishing.org\/spotlight\/summary.cfm?id=367059\">brief summary<\/a> of our paper!<\/p>\n<p><em><strong>Spectral shearing of quantum light pulses by electro-optic phase modulation<br \/>\n<\/strong><\/em>Laura J. Wright, Micha\u0142 Karpi\u0144ski, Christoph S\u00f6ller, Brian J. Smith<br \/>\n<a href=\"https:\/\/journals.aps.org\/prl\/abstract\/10.1103\/PhysRevLett.118.023601\">Physical Review Letters 118, 023601 (2017)<\/a>.<br \/>\n<a href=\"http:\/\/arxiv.org\/abs\/1605.00640\">arXiv preprint arXiv:1605.00640 (2016).<\/a><\/p>\n<p><em><strong>Quantum mechanical which-way experiment with an internal degree of freedom<br \/>\n<\/strong><\/em>Konrad Banaszek, Pawe\u0142 Horodecki, Micha\u0142 Karpi\u0144ski, Czes\u0142aw Radzewicz<br \/>\n<a href=\"http:\/\/www.nature.com\/articles\/ncomms3594\">Nature Communications 4, 2594 (2013)<\/a>.<br \/>\nSee also our <a href=\"https:\/\/www.fuw.edu.pl\/press-release\/news2437.html\">press release<\/a>!<\/p>\n","protected":false},"excerpt":{"rendered":"<p>Publications Quantum interference between spectral bandwidth mismatched photons Jan Krzy\u017canowski, Jerzy Szuniewicz, Sanjay Kapoor, Filip So\u015bnicki, Micha\u0142 Karpi\u0144ski arXiv preprint arXiv:2601.12129 (2026). High-dimensional quantum photonics: roadmap Mehul Malik, Micheal Kues, Takuya Ikuta, Hiroki Takesue, Daniele Bajoni, David J. Moss, Roberto Morandotti, Andrew Forbes, Stephen Walborn, Ebrahim Karimi, Yunhong Ding, Stefano &hellip;<\/p>\n","protected":false},"author":2,"featured_media":0,"parent":0,"menu_order":0,"comment_status":"closed","ping_status":"closed","template":"","meta":{"footnotes":""},"class_list":["post-227","page","type-page","status-publish","hentry"],"_links":{"self":[{"href":"https:\/\/photon.fuw.edu.pl\/index.php\/wp-json\/wp\/v2\/pages\/227","targetHints":{"allow":["GET"]}}],"collection":[{"href":"https:\/\/photon.fuw.edu.pl\/index.php\/wp-json\/wp\/v2\/pages"}],"about":[{"href":"https:\/\/photon.fuw.edu.pl\/index.php\/wp-json\/wp\/v2\/types\/page"}],"author":[{"embeddable":true,"href":"https:\/\/photon.fuw.edu.pl\/index.php\/wp-json\/wp\/v2\/users\/2"}],"replies":[{"embeddable":true,"href":"https:\/\/photon.fuw.edu.pl\/index.php\/wp-json\/wp\/v2\/comments?post=227"}],"version-history":[{"count":90,"href":"https:\/\/photon.fuw.edu.pl\/index.php\/wp-json\/wp\/v2\/pages\/227\/revisions"}],"predecessor-version":[{"id":49988,"href":"https:\/\/photon.fuw.edu.pl\/index.php\/wp-json\/wp\/v2\/pages\/227\/revisions\/49988"}],"wp:attachment":[{"href":"https:\/\/photon.fuw.edu.pl\/index.php\/wp-json\/wp\/v2\/media?parent=227"}],"curies":[{"name":"wp","href":"https:\/\/api.w.org\/{rel}","templated":true}]}}