{"id":307,"date":"2019-02-22T16:02:16","date_gmt":"2019-02-22T15:02:16","guid":{"rendered":"http:\/\/photon.fuw.edu.pl\/?page_id=307"},"modified":"2025-04-03T19:21:48","modified_gmt":"2025-04-03T17:21:48","slug":"first-team-project","status":"publish","type":"page","link":"https:\/\/photon.fuw.edu.pl\/index.php\/first-team-project\/","title":{"rendered":"FIRST TEAM Project"},"content":{"rendered":"<p><img loading=\"lazy\" decoding=\"async\" class=\"size-full wp-image-246 aligncenter\" src=\"http:\/\/photon.fuw.edu.pl\/wp-content\/uploads\/2019\/05\/Logotypy_pasek_EN.jpg\" alt=\"logo FNP\" width=\"1194\" height=\"192\" \/><\/p>\n<h1 style=\"text-align: center;\">PHASE-ONLY SHAPING OF LIGHT PULSES FOR APPLICATIONS IN QUANTUM TECHNOLOGIES<\/h1>\n<h3 style=\"text-align: center;\">A research project within the First Team Programme of the Foundation for Polish Science<\/h3>\n<h4>THE PROJECT<\/h4>\n<p>Optical pulses form the backbone of photonic technologies. Their key characteristics are their temporal profile and their frequency spectrum. Experimentally, only one of these two parameters can be easily accessed, due to the incompatibility of time and frequency resolutions of detection and manipulation devices. The power of quantum mechanics manifests itself chiefly through the superposition principle: if two states of a system are valid quantum states, then their superposition is also a valid quantum state. The emerging quantum technologies are based on the ability to create, manipulate and detect quantum superpositions, which relies on the ability to access conjugate variables, such as the time and frequency for single-photon pulses. Here we will use novel tools to experimentally access temporal and spectral characteristics of quantum light pulses. We will manipulate and detect their quantum superpositions, and demonstrate their applications in quantum networks and metrology.<\/p>\n<h6>PROJECT GOALS<\/h6>\n<p>Experimentally modify the spectral and temporal properties of single-photon pulses. We will convert photons from solid-state emitters to photons fully compatible with high-bandwidth telecommunication channels. We will investigate applications of shaped quantum light pulses in quantum metrology.<\/p>\n<h6>PROJECT OUTCOMES<\/h6>\n<p>Construction of electro-optic and nonlinear optical devices enabling modification of spectral-temporal properties of single-photon pulses. Training of scientists towards their Master&#8217;s and PhD theses and training of post-doctoral researchers.<\/p>\n<h6>PRACTICALITIES<\/h6>\n<p>The project was carried out at the Quantum Photonics Lab at the Faculty of Physics of the University of Warsaw from 2019 to 2024 under the lead of Dr Micha\u0142 Karpi\u0144ski, in collaboration with <a href=\"http:\/\/www.lkb.upmc.fr\/quantumoptics\/multimodequantumoptics\/\">prof. Nicolas Treps from Sorbonne University in Paris<\/a>, <a href=\"https:\/\/www.planarphotonics.com\/\">prof. Peter G. R. Smith at the Optoelectronics Research Centre in Southampton, UK<\/a>, <a href=\"http:\/\/www.uni-saarland.de\/fak7\/becher\/\">prof. Christian Becher at the Saaraland University in Germany<\/a>, Dr Robert Keil form the University of Innsbruck in Austria, Prof. Paul Kwiat from the University of Illinois at Urbana-Champaign (USA) and the French Quandela company! The project was financed through the FIRST TEAM programme of the Foundation for Polish Science. The total value of the project was 2 915 024 PLN (approx. 600 kEUR). It was fully funded by the European Union&#8217;s European Regional Development Fund.<\/p>\n<h4>PROJECT PUBLICATIONS<\/h4>\n<p><strong><em>Electro-optic frequency shift of single photons from a quantum dot<br \/>\n<\/em><\/strong>Sanjay Kapoor, Aleksander Rodek, Micha\u0142 Miko\u0142ajczyk, Jerzy Szuniewicz, Filip So\u015bnicki, Tomasz Kazimierczuk, Piotr Kossacki, Micha\u0142 Karpi\u0144ski<br \/>\nNanophotonics, <a href=\"https:\/\/doi.org\/10.1515\/nanoph-2024-0550\">https:\/\/doi.org\/10.1515\/nanoph-2024-0550<\/a> (2025).<\/p>\n<p><strong><em>Temporal cavities as temporal mode filters for optical information processing<br \/>\n<\/em><\/strong>Bakhao Dioum, Shivang Srivastava, Micha\u0142 Karpi\u0144ski, Giuseppe Patera<br \/>\n<a href=\"https:\/\/doi.org\/10.1103\/PhysRevA.111.033704\" >Physical Review A 111, 033704 (2025)<\/a>.<br \/>\n<a href=\"https:\/\/arxiv.org\/abs\/2303.09155\">arXiv preprint, arXiv:2303.09155<\/a><\/p>\n<p><strong><em>Interface between picosecond and nanosecond quantum light pulses<br \/>\n<\/em><\/strong>Filip So\u015bnicki, Micha\u0142 Miko\u0142ajczyk, Ali Golestani, Micha\u0142 Karpi\u0144ski<br \/>\n<a href=\"https:\/\/www.nature.com\/articles\/s41566-023-01214-z\">Nature Photonics 17, 761\u2013766 (2023)<\/a>.<br \/>\nYou can view the paper here (for personal non-commercial purposes): <a href=\"https:\/\/rdcu.be\/dcZPW\">https:\/\/rdcu.be\/dcZPW<\/a>.<br \/>\nA close-to-the-published-version preprint is available at: <a href=\"https:\/\/arxiv.org\/abs\/2211.05112\">https:\/\/arxiv.org\/abs\/2211.05112<\/a>.<br \/>\nCheck out a News&amp;Views summary of our work (by John Donohue) here: <a href=\"https:\/\/www.nature.com\/articles\/s41566-023-01277-y\">https:\/\/www.nature.com\/articles\/s41566-023-01277-y<\/a>.<\/p>\n<p><strong><em>Electro-optic Fourier transform chronometry of pulsed quantum light<br \/>\n<\/em><\/strong>Ali Golestani, Alex O. C. Davis, Filip So\u015bnicki, Micha\u0142 Miko\u0142ajczyk, Nicolas Treps, Micha\u0142 Karpi\u0144ski<br \/>\n<a href=\"https:\/\/journals.aps.org\/prl\/abstract\/10.1103\/PhysRevLett.129.123605\"> Physical Review Letters 129, 123605 (2022).<\/a><br \/>\n<a href=\"https:\/\/arxiv.org\/abs\/2205.11554\">arXiv preprint arXiv:2205.11554<\/a><br \/>\nTheory from Paris &amp; Bath, experiment from Warsaw!<\/p>\n<p><strong><em>Aberration-corrected time aperture of an electro-optic time lens<br \/>\n<\/em><\/strong>Sanjay Kapoor, Filip So\u015bnicki, Micha\u0142 Karpi\u0144ski<br \/>\n<a href=\"https:\/\/arxiv.org\/abs\/2207.07618\">arXiv preprint arXiv:2207.07618<\/a> (2022).<\/p>\n<p><strong><em>Control and measurement of quantum light pulses for quantum information science and technology<br \/>\n<\/em><\/strong>Micha\u0142 Karpi\u0144ski, Alex O. C. Davis, Filip So\u015bnicki, Val\u00e9rian Thiel, Brian J. Smith<br \/>\n<a href=\"https:\/\/doi.org\/10.1002\/qute.202000150\">Advanced Quantum Technologies 4, 2000150<\/a> (2021).<br \/>\nReview paper.<\/p>\n<p><strong><em>Actuator placement optimization for guided waves based structural health monitoring using \ufb01bre Bragg grating sensors<\/em><br \/>\n<\/strong>R. Soman, K. Balasubramaniam, A. Golestani, M. Karpi\u0144ski, P. M. Malinowski, W. M. Ostachowicz<br \/>\n<a href=\"https:\/\/doi.org\/10.1088\/1361-665X\/ac31c4\">Smart Mater. Struct. 30, 125011 (2021)<\/a>.<\/p>\n<p><strong><em>A two-step guided waves based damage localization technique using optical fiber sensors<\/em><br \/>\n<\/strong>R. Soman, K. Balasubramaniam, A. Golestani, M. Karpi\u0144ski, P. Malinowski<br \/>\n<a href=\"https:\/\/doi.org\/10.3390\/s20205804\">Sensors 20, 5804 (2020)<\/a>.<\/p>\n<p><strong><em>Aperiodic electro-optic time lens for spectral manipulation of single-photon pulses<br \/>\n<\/em><\/strong>Filip So\u015bnicki, Micha\u0142 Miko\u0142ajczyk, Ali Golestani, Micha\u0142 Karpi\u0144ski<br \/>\n<a href=\"https:\/\/doi.org\/10.1063\/5.0011077\">Applied Physics Letters 116, 234003 (2020)<\/a> (featured article).<br \/>\n<a href=\"https:\/\/arxiv.org\/abs\/2004.07195\"> arXiv preprint arXiv:2004.07195<\/a><\/p>\n<p>More coming up&#8230;<\/p>\n<p><a href=\"http:\/\/photon.fuw.edu.pl\/index.php\/our-publications\/\">(click here for a full list of QPL publications)<\/a><\/p>\n<h4>PROJECT TEAM<\/h4>\n        <div id=\"team-346\" class=\"team-container\">\r\n                    <div class=\"team-items \">\r\n                <div class=\"item \">\r\n        <div class=\"elements-wrapper layout-49623\">\r\n                <div class=\" element-1685019789808\" id=\"\">\r\n                <div class=\"team-thumb element-1\">\r\n                            <img decoding=\"async\" src=\"https:\/\/photon.fuw.edu.pl\/wp-content\/uploads\/2021\/10\/1544628852279.jpg\" \/>\r\n\r\n            \r\n\r\n        <\/div>\r\n        <\/div>\r\n    <div class=\"layer-content element-3\" id=\"\">\r\n        <div class=\"team-title element-5\">            <a href=\"https:\/\/photon.fuw.edu.pl\/index.php\/team_member\/jerzy-szuniewicz\/\">Jerzy Szuniewicz<\/a>\r\n    \r\n<\/div>\r\n        <div class=\"team-position element-6\"><\/div>\r\n    <\/div>\r\n        <\/div>\r\n    <\/div>\r\n    <div class=\"item \">\r\n        <div class=\"elements-wrapper layout-49623\">\r\n                <div class=\" element-1685019789808\" id=\"\">\r\n                <div class=\"team-thumb element-1\">\r\n                            <img decoding=\"async\" src=\"https:\/\/photon.fuw.edu.pl\/wp-content\/uploads\/2018\/07\/DSC_3028-e1532505554883-1024x1024.jpg\" \/>\r\n\r\n            \r\n\r\n        <\/div>\r\n        <\/div>\r\n    <div class=\"layer-content element-3\" id=\"\">\r\n        <div class=\"team-title element-5\">            <a href=\"https:\/\/photon.fuw.edu.pl\/index.php\/team_member\/michal-mikolajczyk\/\">Micha\u0142 Miko\u0142ajczyk<\/a>\r\n    \r\n<\/div>\r\n        <div class=\"team-position element-6\"><\/div>\r\n    <\/div>\r\n        <\/div>\r\n    <\/div>\r\n    <div class=\"item \">\r\n        <div class=\"elements-wrapper layout-49623\">\r\n                <div class=\" element-1685019789808\" id=\"\">\r\n                <div class=\"team-thumb element-1\">\r\n                            <img decoding=\"async\" src=\"https:\/\/photon.fuw.edu.pl\/wp-content\/uploads\/2018\/07\/AliGolestani.jpg\" \/>\r\n\r\n            \r\n\r\n        <\/div>\r\n        <\/div>\r\n    <div class=\"layer-content element-3\" id=\"\">\r\n        <div class=\"team-title element-5\">            <a href=\"https:\/\/photon.fuw.edu.pl\/index.php\/team_member\/ali-golestani\/\">Ali Golestani<\/a>\r\n    \r\n<\/div>\r\n        <div class=\"team-position element-6\"><\/div>\r\n    <\/div>\r\n        <\/div>\r\n    <\/div>\r\n    <div class=\"item \">\r\n        <div class=\"elements-wrapper layout-49623\">\r\n                <div class=\" element-1685019789808\" id=\"\">\r\n                <div class=\"team-thumb element-1\">\r\n                            <img decoding=\"async\" src=\"https:\/\/photon.fuw.edu.pl\/wp-content\/uploads\/2018\/03\/FS.jpg\" \/>\r\n\r\n            \r\n\r\n        <\/div>\r\n        <\/div>\r\n    <div class=\"layer-content element-3\" id=\"\">\r\n        <div class=\"team-title element-5\">            <a href=\"https:\/\/photon.fuw.edu.pl\/index.php\/team_member\/filip-sosnicki\/\">Filip So\u015bnicki<\/a>\r\n    \r\n<\/div>\r\n        <div class=\"team-position element-6\"><\/div>\r\n    <\/div>\r\n        <\/div>\r\n    <\/div>\r\n    <div class=\"item \">\r\n        <div class=\"elements-wrapper layout-49623\">\r\n                <div class=\" element-1685019789808\" id=\"\">\r\n                <div class=\"team-thumb element-1\">\r\n                            <img decoding=\"async\" src=\"https:\/\/photon.fuw.edu.pl\/wp-content\/uploads\/2018\/07\/MK-in-lab-maly-1024x1024.jpg\" \/>\r\n\r\n            \r\n\r\n        <\/div>\r\n        <\/div>\r\n    <div class=\"layer-content element-3\" id=\"\">\r\n        <div class=\"team-title element-5\">            <a href=\"https:\/\/photon.fuw.edu.pl\/index.php\/team_member\/michal-karpinski\/\">Micha\u0142 Karpi\u0144ski<\/a>\r\n    \r\n<\/div>\r\n        <div class=\"team-position element-6\"><\/div>\r\n    <\/div>\r\n        <\/div>\r\n    <\/div>\r\n        <\/div>\r\n\r\n            <div class=\"paginate\">\r\n            <\/div>\r\n    <style type=\"text\/css\">\r\n        #team-346 .paginate {\r\n            padding: 30px;\r\n            text-align: center;\r\n        }\r\n\r\n        #team-346 .paginate .page-numbers {\r\n            background-color: ;\r\n            color: rgb(255, 255, 255);\r\n            cursor: pointer;\r\n            display: inline-block;\r\n            font-size: 14px;\r\n            line-height: 1em;\r\n            margin: 3px 0;\r\n            padding: 10px 15px;\r\n            text-decoration: none;\r\n        }\r\n\r\n        #team-346 .paginate .current {\r\n            background-color: ;\r\n        }\r\n    <\/style>\r\n\r\n        <style type=\"text\/css\">\r\n        .team-container {\r\n            width: 100%\r\n        }\r\n\r\n        #team-346 {\r\n            background:  url() repeat scroll 0 0;\r\n            text-align: left;\r\n        }\r\n\r\n        #team-346 .item {\r\n            text-align: left;\r\n            margin: 5px;\r\n            display: inline-block;\r\n            vertical-align: top;\r\n        }\r\n\r\n        #team-346 .layer-media .team-thumb {\r\n            overflow: hidden;\r\n        }\r\n\r\n        #team-346 .layer-media img {\r\n            border-radius: 0;\r\n            box-shadow: none;\r\n            width: 100%;\r\n            margin: 0;\r\n            padding: 0;\r\n        }\r\n\r\n        @media only screen and (min-width: 0px) and (max-width: 767px) {\r\n            #team-346 .item {\r\n                width: 95%            }\r\n        }\r\n\r\n        @media only screen and (min-width: 768px) and (max-width: 1023px) {\r\n            #team-346 .item {\r\n                width: 45%            }\r\n        }\r\n\r\n        @media only screen and (min-width: 1024px) {\r\n            #team-346 .item {\r\n                width: 30%            }\r\n        }\r\n\r\n        .layout-49623 {vertical-align: top;}.layout-49623 .layer-media{}.layout-49623 .layer-content {padding: 5px 10px;}    <\/style>\r\n    <script>\r\n            <\/script>\r\n        <style type=\"text\/css\">\r\n        .layout-49623 .element-1 {\r\n            overflow: hidden;\r\n            margin: ;\r\n        }\r\n\r\n        @media only screen and (min-width: 1024px) {\r\n            .layout-49623 .element-1 {\r\n                max-height: 300px;\r\n                            }\r\n        }\r\n\r\n        @media only screen and (min-width: 768px) and (max-width: 1023px) {\r\n            .layout-49623 .element-1 {\r\n                max-height: 300px;\r\n                            }\r\n        }\r\n\r\n        @media only screen and (min-width: 0px) and (max-width: 767px) {\r\n            .layout-49623 .element-1 {\r\n                max-height: 300px;\r\n                            }\r\n        }\r\n    <\/style>\r\n    <style type=\"text\/css\">\r\n        .layout-49623 .element-5 {\r\n            color: #333;\r\n            font-size: 14px;\r\n            font-family: ;\r\n            margin: 5px 0;\r\n\r\n        }\r\n    <\/style>\r\n    <style type=\"text\/css\">\r\n        .layout-49623 .element-6 {\r\n            color: #333;\r\n            font-size: 13px;\r\n            font-family: ;\r\n            margin: 5px 0;\r\n\r\n        }\r\n    <\/style>\r\n        <\/div>\r\n\n<h4>Find us<\/h4>\n<p>We are located at the Ochota Campus of the University of Warsaw, in the interferometrically stable basement of the Geophysics Building (room 023).<br \/>\nWe are a short tram ride from the centre of Warsaw. The Warsaw Chopin Airport is just a 20-minute bus ride away. On sunny days we escape the darkness of the lab to enjoy the adjacent Pole Mokotowskie Park.<\/p>\n<p>&#x1f3e0;ul. Pasteura 7, 02-093 Warszawa, Poland<br \/>\n<i class=\"fa fa-phone\">&#x260e; <\/i>(+48) 22 55 32 740, 46 872<br \/>\n<i class=\"fa fa-envelope\">&#x2709; <\/i>optics@fuw.edu.pl<\/p>\n\n","protected":false},"excerpt":{"rendered":"<p>PHASE-ONLY SHAPING OF LIGHT PULSES FOR APPLICATIONS IN QUANTUM TECHNOLOGIES A research project within the First Team Programme of the Foundation for Polish Science THE PROJECT Optical pulses form the backbone of photonic technologies. Their key characteristics are their temporal profile and their frequency spectrum. Experimentally, only one of these &hellip;<\/p>\n","protected":false},"author":3,"featured_media":0,"parent":0,"menu_order":0,"comment_status":"closed","ping_status":"closed","template":"","meta":{"footnotes":""},"class_list":["post-307","page","type-page","status-publish","hentry"],"_links":{"self":[{"href":"https:\/\/photon.fuw.edu.pl\/index.php\/wp-json\/wp\/v2\/pages\/307","targetHints":{"allow":["GET"]}}],"collection":[{"href":"https:\/\/photon.fuw.edu.pl\/index.php\/wp-json\/wp\/v2\/pages"}],"about":[{"href":"https:\/\/photon.fuw.edu.pl\/index.php\/wp-json\/wp\/v2\/types\/page"}],"author":[{"embeddable":true,"href":"https:\/\/photon.fuw.edu.pl\/index.php\/wp-json\/wp\/v2\/users\/3"}],"replies":[{"embeddable":true,"href":"https:\/\/photon.fuw.edu.pl\/index.php\/wp-json\/wp\/v2\/comments?post=307"}],"version-history":[{"count":23,"href":"https:\/\/photon.fuw.edu.pl\/index.php\/wp-json\/wp\/v2\/pages\/307\/revisions"}],"predecessor-version":[{"id":49876,"href":"https:\/\/photon.fuw.edu.pl\/index.php\/wp-json\/wp\/v2\/pages\/307\/revisions\/49876"}],"wp:attachment":[{"href":"https:\/\/photon.fuw.edu.pl\/index.php\/wp-json\/wp\/v2\/media?parent=307"}],"curies":[{"name":"wp","href":"https:\/\/api.w.org\/{rel}","templated":true}]}}